{"id":64,"date":"2019-10-22T16:08:43","date_gmt":"2019-10-22T15:08:43","guid":{"rendered":"http:\/\/nastik.webredox.net\/impulse-image-copy\/"},"modified":"2022-04-19T12:53:57","modified_gmt":"2022-04-19T11:53:57","slug":"oferta","status":"publish","type":"page","link":"https:\/\/managerrehabilitacji.pl\/","title":{"rendered":"Oferta"},"content":{"rendered":"[vc_row scrollrow=&#8221;st2&#8243; scroll_id=&#8221;sec2&#8243; enable_top_box=&#8221;st2&#8243; enabletitle=&#8221;st2&#8243; nastik_sec_title=&#8221;O nas&#8221; enableseparator=&#8221;st2&#8243; secpadding=&#8221;&#8221; theside_sec_title=&#8221;About me&#8221; theside_sec_number=&#8221;01&#8243; theside_sec_dectiption=&#8221;LOREM IPSUM DOLOR SIT AMET, CONSECTETUR ADIPISCING ELIT. MAECENAS IN PULVINAR NEQUE. NULLA FINIBUS LOBORTIS PULVINAR.&#8221;][vc_column width=&#8221;5\/12&#8243;]<div class=\"dec-img  fl-wrap\"><img src=\"https:\/\/managerrehabilitacji.pl\/wp-content\/uploads\/2022\/01\/WIC_8524-scaled.jpg\" class=\"respimg\" alt=\"WIC_8524\"><\/div>[\/vc_column][vc_column width=&#8221;7\/12&#8243;][wr_vc_textblock small_title=&#8221;Manager Rehabilitacji&#8221; big_title=&#8221;DORADZAMY PACJENTOM`{`br`}&#8220;{`span`}`SCIE\u017bK\u0118 POST\u0118POWANIA`{`\/span`}&#8220;{`br`}`PO WYJ\u015aCIU ZE SZPITALA&#8221;]Pomagamy osobom poszkodowanym w wypadkach komunikacyjnych oraz nag\u0142ych zdarzeniach losowych. \u015awiadczymy kompleksowe i innowacyjne us\u0142ugi prawno \u2013 medyczne. Specjalizujemy si\u0119 r\u00f3wnie\u017c w pozyskiwaniu \u015brodk\u00f3w na likwidacj\u0119 barier architektonicznych w najbli\u017cszym otoczeniu Poszkodowanego. Dzi\u0119ki naszej wiedzy, do\u015bwiadczeniu oraz stosowaniu najnowocze\u015bniejszych rozwi\u0105za\u0144 mo\u017cemy poszczyci\u0107 si\u0119 ponadprzeci\u0119tnymi wynikami. Zaufa\u0142o nam ju\u017c wiele os\u00f3b, kt\u00f3rym pomogli\u015bmy. Dlaczego wi\u0119c Ty nie mia\u0142by\u015b zasili\u0107 tego zacnego grona?<\/p>\n<ul>\n<li class=\"elementor-icon-list-item\">Fundacja Podaruj Dobro<br \/>\nul. Kolejowa 57\/1, Katowice<\/li>\n<li class=\"elementor-icon-list-item\"><i class=\"fas fa-envelope\" aria-hidden=\"true\"><\/i><span class=\"elementor-icon-list-text\">\u00a0biuro@managerrehabilitacji.pl<\/span><\/li>\n<li class=\"elementor-icon-list-item\"><a href=\"callto:+48509112508\"><i class=\"fas fa-phone-alt\" aria-hidden=\"true\"><\/i><span class=\"elementor-icon-list-text\">\u00a0+48 509 112 508<\/span><\/a><\/li>\n<\/ul>\n[\/wr_vc_textblock][\/vc_column][\/vc_row][vc_row row_type=&#8221;sec2&#8243;][vc_column][vc_row_inner][vc_column_inner][\/vc_column_inner][\/vc_row_inner][wr_vc_counters class=&#8221;optional_counter&#8221;][wr_vc_counter datatitle=&#8221;Pomogli\u015bmy tylu poszkodowanym&#8221; datanumber=&#8221;530&#8243;][wr_vc_counter datatitle=&#8221;Poprowadzili\u015bmy tyle spraw&#8221; datanumber=&#8221;323&#8243;][wr_vc_counter datatitle=&#8221;Wype\u0142nili\u015bmy tyle wniosk\u00f3w&#8221; datanumber=&#8221;1000&#8243;][wr_vc_counter datatitle=&#8221;Pomogli\u015bmy na tak\u0105 kwot\u0119&#8221; datanumber=&#8221;4000000&#8243;][\/wr_vc_counters][\/vc_column][\/vc_row][vc_row scrollrow=&#8221;st2&#8243; scroll_id=&#8221;sec3&#8243; enabletitle=&#8221;st2&#8243; nastik_sec_title=&#8221;Oferta&#8221;][vc_column][vc_row_inner][vc_column_inner]<div class=\"cards-wrap fl-wrap\"><div class=\"row\"><div class=\"col-md-4\"><div class=\"content-inner fl-wrap\"><div class=\"content-front\"><div class=\"cf-inner\"><div class=\"bg \"  data-bg=\"https:\/\/managerrehabilitacji.pl\/wp-content\/uploads\/2019\/10\/doctor-g8498ab47d_1920-762x441.jpg\"><\/div><div class=\"overlay\"><\/div><div class=\"inner\"><h2>Manager rehabilitacji<br>bezp\u0142atne doradztwo<\/h2><ul><li>bezp\u0142atnie<\/li><li>profesjonalnie<\/li><\/ul><\/div><\/div><\/div><div class=\"content-back\"><div class=\"cf-inner\"><div class=\"inner\"><div class=\"dec-icon\"><i class=\"fas fa-hands-helping\"><\/i><\/div><p>W spos\u00f3b kompleksowy i wielop\u0142aszczyznowy pomagamy osobom poszkodowanym w wypadkach. Rzeczowo wyja\u015bniamy wszelkie kwestie i proponujemy najlepsze rozwi\u0105zania \u2013 prawne i medyczne. Wspieramy nie tylko Poszkodowanego, ale r\u00f3wnie\u017c jego najbli\u017cszych.\r\n<div class=\"serv-price-wrap\"><span>Wi\u0119cej<\/span><a href=\"https:\/\/fundacjapodarujdobro.pl\/asystent-poszkodowanego\/\" target=\"_blank\" rel=\"noopener\">fundacjapodarujdobro.pl<\/a><\/div><\/div><\/div><\/div><\/div><\/div><div class=\"col-md-4\"><div class=\"content-inner fl-wrap\"><div class=\"content-front\"><div class=\"cf-inner\"><div class=\"bg \"  data-bg=\"https:\/\/managerrehabilitacji.pl\/wp-content\/uploads\/2019\/10\/rehabilitation-g3fc22eaad_1920-762x441.jpg\"><\/div><div class=\"overlay\"><\/div><div class=\"inner\"><h2>Remonty dom\u00f3w i wposa\u017cenie w sprz\u0119t medyczny<\/h2><ul><li>nowocze\u015bnie<\/li><li>profesjonalnie<\/li><\/ul><\/div><\/div><\/div><div class=\"content-back\"><div class=\"cf-inner\"><div class=\"inner\"><div class=\"dec-icon\"><i class=\"fa fa-home\"><\/i><\/div><p>Wychodz\u0105c naprzeciw potrzebom os\u00f3b niepe\u0142nosprawnych pomagamy w pozyskiwaniu \u015brodk\u00f3w na dostosowanie mieszka\u0144 i dom\u00f3w do potrzeb os\u00f3b z powa\u017cnymi dysfunkcjami narz\u0105du ruchu. Wsp\u00f3\u0142pracujemy ze specjalistami, \u015bwiadcz\u0105cymi kompleksowe us\u0142ugi w zakresie projektowania dom\u00f3w bez barier oraz realizacji prac remontowo \u2013 budowlanych.\r\n<div class=\"serv-price-wrap\"><span>Wi\u0119cej<\/span><a href=\"https:\/\/rehome.com.pl\" target=\"_blank\" rel=\"noopener\">rehome.com.pl<\/a><\/div><\/div><\/div><\/div><\/div><\/div><div class=\"col-md-4\"><div class=\"content-inner fl-wrap\"><div class=\"content-front\"><div class=\"cf-inner\"><div class=\"bg \"  data-bg=\"https:\/\/managerrehabilitacji.pl\/wp-content\/uploads\/2019\/10\/hands-g08c6249f8_640.jpg\"><\/div><div class=\"overlay\"><\/div><div class=\"inner\"><h2>Zbi\u00f3rki pieni\u0119\u017cne na pobyt w klinice rehabilitacyjnej<\/h2><ul><li>pomo\u017cemy od A do Z<\/li><\/ul><\/div><\/div><\/div><div class=\"content-back\"><div class=\"cf-inner\"><div class=\"inner\"><div class=\"dec-icon\"><i class=\"fal fa-mobile-android\"><\/i><\/div><p>Pomagamy naszym Podopiecznym w pozyskaniu \u015brodk\u00f3w na pobyt w nowoczesnych klinikach rehabilitacyjnych, organizuj\u0105c dla nich zbi\u00f3rki. W ten spos\u00f3b osoby poszkodowane w wypadkach mog\u0105 walczy\u0107 o lepsze jutro.\r\n<div class=\"serv-price-wrap\"><span>Wi\u0119cej<\/span><a href=\"https:\/\/podarujdobro.pl\" target=\"_blank\" rel=\"noopener\">podarujdobro.pl<\/a><\/div><\/div><\/div><\/div><\/div><\/div><\/div><\/div>[\/vc_column_inner][\/vc_row_inner][vc_row_inner css=&#8221;.vc_custom_1643634290243{margin-top: 20px !important;}&#8221;][vc_column_inner]<div class=\"cards-wrap fl-wrap\"><div class=\"row\"><div class=\"col-md-4\"><div class=\"content-inner fl-wrap\"><div class=\"content-front\"><div class=\"cf-inner\"><div class=\"bg \"  data-bg=\"https:\/\/managerrehabilitacji.pl\/wp-content\/uploads\/2022\/01\/manager-762x441.jpg\"><\/div><div class=\"overlay\"><\/div><div class=\"inner\"><h2>Pomoc fundacji dla pacjent\u00f3w<\/h2><ul><li>Kompleksowo Efektywnie<\/li><\/ul><\/div><\/div><\/div><div class=\"content-back\"><div class=\"cf-inner\"><div class=\"inner\"><div class=\"dec-icon\"><i class=\"fal fa-mobile-android\"><\/i><\/div><p>Pomagamy osobom poszkodowanym w wypadkach komunikacyjnych oraz tym, kt\u00f3re z innych przyczyn dozna\u0142y uszczerbku na zdrowiu, poprzez wspieranie i organizowanie leczenia, pomocy prawnej, psychologicznej i rzeczowej na rzecz Podopiecznych oraz ich rodzin.\r\n<div class=\"serv-price-wrap\"><span>Wi\u0119cej<\/span><a href=\"https:\/\/fundacjapodarujdobro.pl\" target=\"_blank\" rel=\"noopener\">fundacjapodarujdobro.pl<\/a><\/div><\/div><\/div><\/div><\/div><\/div><div class=\"col-md-4\"><div class=\"content-inner fl-wrap\"><div class=\"content-front\"><div class=\"cf-inner\"><div class=\"bg \"  data-bg=\"https:\/\/managerrehabilitacji.pl\/wp-content\/uploads\/2022\/01\/law-g76bc50661_1920-762x441.jpg\"><\/div><div class=\"overlay\"><\/div><div class=\"inner\"><h2>Pomoc prawna w finansowaniu rehabilitacji<\/h2><ul><li>Szybko Skutecznie<\/li><\/ul><\/div><\/div><\/div><div class=\"content-back\"><div class=\"cf-inner\"><div class=\"inner\"><div class=\"dec-icon\"><i class=\"fal fa-mobile-android\"><\/i><\/div><p>Specjalizujemy si\u0119 w pozyskiwaniu najwy\u017cszych na rynku kwot rent przeznaczonych na rehabilitacj\u0119 robotyczn\u0105. Powo\u0142ujemy konsylium lekarskie, kt\u00f3re w odpowiedni spos\u00f3b opiniuje urazy naszych\r\nposzkodowanych oraz sugeruje im spos\u00f3b leczenia, a nast\u0119pnie przedstawiamy Ubezpieczycielom plan rehabilitacji na najbli\u017csze miesi\u0105ce czy lata.\r\n<div class=\"serv-price-wrap\"><span>Wi\u0119cej<\/span><a href=\"https:\/\/voxveritas.pl\/oferta\/rehabilitacja-powypadkowa\/\" target=\"_blank\" rel=\"noopener\">voxveritas.pl<\/a><\/div><\/div><\/div><\/div><\/div><\/div><div class=\"col-md-4\"><div class=\"content-inner fl-wrap\"><div class=\"content-front\"><div class=\"cf-inner\"><div class=\"bg \"  data-bg=\"https:\/\/managerrehabilitacji.pl\/wp-content\/uploads\/2022\/01\/doctor-g48c1244ad_1920-762x441.jpg\"><\/div><div class=\"overlay\"><\/div><div class=\"inner\"><h2>Szkolenia asystent\u00f3w os\u00f3b niepe\u0142nosprawnych<\/h2><ul><li>Nowocze\u015bnie Kompleksowo<\/li><\/ul><\/div><\/div><\/div><div class=\"content-back\"><div class=\"cf-inner\"><div class=\"inner\"><div class=\"dec-icon\"><i class=\"fal fa-mobile-android\"><\/i><\/div><div class=\"serv-price-wrap\"><span>Wi\u0119cej<\/span><a href=\"https:\/\/rehome.com.pl\" target=\"_blank\" rel=\"noopener\">rehome.com.pl<\/a><\/div><\/div><\/div><\/div><\/div><\/div><\/div><\/div>[\/vc_column_inner][\/vc_row_inner][\/vc_column][\/vc_row][vc_row enabletitle=&#8221;st2&#8243; nastik_sec_title=&#8221;NIEPE\u0141NOSPRAWNO\u015a\u0106&#8221;][vc_column width=&#8221;1\/2&#8243; css=&#8221;.vc_custom_1643889128286{border-top-width: 1px !important;border-right-width: 1px !important;border-bottom-width: 1px !important;border-left-width: 1px !important;padding-bottom: 10px !important;background-color: #f7f7f7 !important;border-left-color: #cccccc !important;border-left-style: solid !important;border-right-color: #cccccc !important;border-right-style: solid !important;border-top-color: #cccccc !important;border-top-style: solid !important;border-bottom-color: #cccccc !important;border-bottom-style: solid !important;}&#8221;][wr_vc_textblock big_title=&#8221;Niepe\u0142nosprawno\u015b\u0107<br \/>\nLekki stopie\u0144&#8221; button_text=&#8221;Zobacz wi\u0119cej&#8221; button_url=&#8221;\/index.php\/lekki-stopien-niepelnosprawnosci\/&#8221;][\/wr_vc_textblock][\/vc_column][vc_column width=&#8221;1\/2&#8243; css=&#8221;.vc_custom_1643889295913{border-top-width: 1px !important;border-right-width: 1px !important;border-bottom-width: 1px !important;border-left-width: 1px !important;padding-bottom: 10px !important;background-color: #f7f7f7 !important;border-left-color: #cccccc !important;border-left-style: solid !important;border-right-color: #cccccc !important;border-right-style: solid !important;border-top-color: #cccccc !important;border-top-style: solid !important;border-bottom-color: #cccccc !important;border-bottom-style: solid !important;}&#8221;][wr_vc_textblock big_title=&#8221;Niepe\u0142nosprawno\u015b\u0107<br \/>\nUmiarkowany stopie\u0144&#8221; button_text=&#8221;Zobacz wi\u0119cej&#8221; button_url=&#8221;\/index.php\/umiarkowany-stopien-niepelnosprawnosci\/&#8221;][\/wr_vc_textblock][\/vc_column][vc_column width=&#8221;1\/2&#8243; css=&#8221;.vc_custom_1643889155394{border-top-width: 1px !important;border-right-width: 1px !important;border-bottom-width: 1px !important;border-left-width: 1px !important;padding-bottom: 10px !important;background-color: #f7f7f7 !important;border-left-color: #cccccc !important;border-left-style: solid !important;border-right-color: #cccccc !important;border-right-style: solid !important;border-top-color: #cccccc !important;border-top-style: solid !important;border-bottom-color: #cccccc !important;border-bottom-style: solid !important;}&#8221;][wr_vc_textblock big_title=&#8221;Niepe\u0142nosprawno\u015b\u0107<br \/>\nZnaczny stopie\u0144&#8221; button_text=&#8221;Zobacz wi\u0119cej&#8221; button_url=&#8221;\/index.php\/znaczny-stopien-niepelnosprawnosci\/&#8221;][\/wr_vc_textblock][\/vc_column][vc_column width=&#8221;1\/2&#8243; css=&#8221;.vc_custom_1643889438914{border-top-width: 1px !important;border-right-width: 1px !important;border-bottom-width: 1px !important;border-left-width: 1px !important;padding-bottom: 10px !important;background-color: #f7f7f7 !important;border-left-color: #cccccc !important;border-left-style: solid !important;border-right-color: #cccccc !important;border-right-style: solid !important;border-top-color: #cccccc !important;border-top-style: solid !important;border-bottom-color: #cccccc !important;border-bottom-style: solid !important;}&#8221;][wr_vc_textblock big_title=&#8221;Dzieci do 16-go roku \u017cycia<br \/>\nz niepe\u0142nosprawno\u015bci\u0105&#8221; button_text=&#8221;Zobacz wi\u0119cej&#8221; button_url=&#8221;\/index.php\/dzieci-do-16-go-roku-zycia-z-niepelnosprawnoscia\/&#8221;][\/wr_vc_textblock][\/vc_column][\/vc_row][vc_row scrollrow=&#8221;st2&#8243; scroll_id=&#8221;sec5&#8243; enabletitle=&#8221;st2&#8243; nastik_sec_title=&#8221;Szeroki zakres pomocy&#8221;][vc_column]<div class=\"custom-inner-holder\"><div class=\"custom-inner ns-custom-inner\"><div class=\"row\"><div class=\"col-md-4\"><div class=\"resum-header workres\"><i class=\"fas fa-ambulance\"><\/i><h3> DLA SZPITALI<\/h3><span>  odci\u0105\u017camy w zadaniach <\/span><\/div><\/div><div class=\"col-md-8\"><div class=\"resum-content fl-wrap\"><h4>POMAGAMY SZPITALOM<\/h4>\r\n<div class=\"dec-list fl-wrap\">\r\n<ul>\r\n \t<li> ODCI\u0104\u017bAMY SZPITAL - POMAGAMY RODZINIE UZYSKA\u0106 ZNACZNY STOPIE\u0143 NIEPE\u0141NOSPRAWNO\u015aCI<\/li>\r\n \t<li> DORADZAMY RODZINIE W WYBORZE O\u015aRODKA REHABILITACYJNEGO PO \"FAZIE OSTREJ\"<\/li>\r\n \t<li> POMAGAMY UZYSKA\u0106 ZNACZEK OSOBY NIEPE\u0141NOSPRAWNEJ<\/li>\r\n<\/ul>\r\n<\/div><\/div><\/div><\/div><\/div><div class=\"custom-inner ns-custom-inner\"><div class=\"row\"><div class=\"col-md-4\"><div class=\"resum-header workres\"><i class=\"fas fa-user-injured\"><\/i><h3> DLA PACJENTA<\/h3><span>  s\u0142u\u017cymy wiedz\u0105 i do\u015bwiadczeniem <\/span><\/div><\/div><div class=\"col-md-8\"><div class=\"resum-content fl-wrap\"><h4>POMAGAMY PACJENTOM<\/h4>\r\n<div class=\"dec-list fl-wrap\">\r\n<ul>\r\n \t<li>POMAGAMY RODZINIE UZYSKA\u0106 ZNACZNY STOPIE\u0143 NIEPE\u0141NOSPRAWNO\u015aCI<\/li>\r\n \t<li >POMAGAMY ZNALE\u0179\u0106 NAJLEPSZ\u0104 KLINIK\u0118 REHABIITACYJN\u0104 W POLSCE<\/li>\r\n \t<li>POMAGAMY SZUKA\u0106 W IMIENIU KLIENTA SZPITALU REHABIITACYJNEGO GDZIE PACJENT MO\u017bE ZOSTA\u0106 PRZYJ\u0118TY NATYCHMIAST ( NP. PO WYPADKU )<\/li>\r\n \t<li >BEZP\u0141ATNA REHABIITACJA \u2013 DLA OS\u00d3B ZE ZNACZNYM STOPNIEM REHABILITACYJNYM<\/li>\r\n \t<li >NIEZALE\u017bNE OPINIE MEDYCZNE LEKARZY : REHABILITACJI , NEUROLOGII I FIZJOTERAPII \u2013 KLUCZOWE PO WYPADKACH KOMUNIKACYJNYCH BY UZASADNI\u0106 MO\u017bLIWO\u015a\u0106 NOWOCZESNEJ BEZP\u0141ATNEJ REHABILITACJI<\/li>\r\n<\/ul>\r\n<\/div><\/div><\/div><\/div><\/div><div class=\"custom-inner ns-custom-inner\"><div class=\"row\"><div class=\"col-md-4\"><div class=\"resum-header workres\"><i class=\"fab fa-accessible-icon\"><\/i><h3> DLA KLINIK REHABILITACYJNYCH<\/h3><\/div><\/div><div class=\"col-md-8\"><div class=\"resum-content fl-wrap\"><h4>POMAGAMY KLINIKOM REHABILITACYJNYM<\/h4>\r\n<div class=\"dec-list fl-wrap\">\r\n<ul>\r\n \t<li>NIEZALE\u017bNE OPINIE MEDYCZNE LEKARZY : REHABILITACJI , NEUROLOGII I FIZJOTERAPII \u2013 KLUCZOWE PO WYPADKACH KOMUNIKACYJNYCH<\/li>\r\n \t<li>POMOC DLA PACJENT\u00d3W PO WYPADKACH W PRZEKIEROWANIU NA POBYT STA\u0141Y PACJENT\u00d3W NEUROLOGICZNYCH W NOWOCZESNEJ KLINICE NEUROREHABIITACJI I TERAPIA UZUPE\u0141NIAJ\u0104CA W KLINICE PIERWOTNEJ<\/li>\r\n \t<li>WSPARCIE MERYTORYCZNE<\/li>\r\n<\/ul>\r\n<\/div><\/div><\/div><\/div><\/div><div class=\"custom-inner ns-custom-inner\"><div class=\"row\"><div class=\"col-md-4\"><div class=\"resum-header workres\"><i class=\"fas fa-file-signature\"><\/i><h3> ORZECZNICTWO MEDYCZNE<\/h3><span>  profesjonalnie i sprawnie <\/span><\/div><\/div><div class=\"col-md-8\"><div class=\"resum-content fl-wrap\"><h4>ORZECZNICTWO MEDYCZNE<\/h4>\r\n<div class=\"dec-list fl-wrap\">\r\n<ul>\r\n \t<li>W SK\u0141AD ZESPO\u0141U LEKARZY WCHODZ\u0104: BIEGLI S\u0104DOWI SPECJALI\u015aCI W ZAKRESIE REHABILITACJI MEDYCZNEJ, ORTOPEDII, NEUROLOGII, INTERNI\u015aCI, SPECJALI\u015aCI FIZJOTERAPII, PSYCHOLOGII KLINICZNEJ, NEUROLOGOPEDZI, DIETETYCY.<\/li>\r\n \t<li>OPINIE POTWIERDZONE OBIEKTYWNYMI BADANIAMI PACJENTA Z WYKORZYSTANIEM STANDARDOWYCH TEST\u00d3W KLINICZNYCH ORAZ NAJNOWOCZE\u015aNIEJSZYCH ZOBIEKTYWIZOWANYCH NARZ\u0118DZI POZWALAJ\u0104 NA OKRE\u015aLENIE RZECZYWISTYCH POTRZEB PACJENTA, STWORZENIE OPTYMALNEGO PLANU REHABILITACJI Z WYKORZYSTANIEM NAJNOWOCZE\u015aNIEJSZYCH METOD USPRAWNIANIA.<\/li>\r\n<\/ul>\r\n<\/div><\/div><\/div><\/div><\/div><\/div>[\/vc_column][\/vc_row][vc_row scrollrow=&#8221;st2&#8243; scroll_id=&#8221;sec6&#8243; enable_bottom_box=&#8221;st2&#8243; sec_padding_top=&#8221;sec6&#8243; enabletitle=&#8221;st2&#8243; nastik_sec_title=&#8221;Opinie&#8221; nastik_sec_number=&#8221;05&#8243; enableseparator=&#8221;st2&#8243;][vc_column][wr_vc_testimonials][wr_vc_testimonial testimonial_number=&#8221;01&#8243; clientname=&#8221;Micha\u0142 Z.&#8221; image=&#8221;745&#8243;]Kilka miesi\u0119cy temu zosta\u0142em potr\u0105cony na pasach przez nieuwa\u017cnego kierowc\u0119. Trafi\u0142em do szpitala z licznymi z\u0142amaniami i wstrz\u0105sem m\u00f3zgu. Specjali\u015bci z Vox Veritas pomogli mi w przygotowaniu<br \/>\nwszelkiej dokumentacji medycznej oraz zebraniu \u015brodk\u00f3w na robotyczn\u0105 rehabilitacj\u0119. Dzi\u0119ki nim dzi\u015b z u\u015bmiechem patrz\u0119 w przysz\u0142o\u015b\u0107. Dzi\u0119kuj\u0119![\/wr_vc_testimonial][wr_vc_testimonial testimonial_number=&#8221;02&#8243; clientname=&#8221;Pawe\u0142 J.&#8221; image=&#8221;749&#8243;]Dzi\u0119kuj\u0119 pracownikom Vox Veritas za pomoc w uzyskaniu odszkodowania i zado\u015b\u0107uczynienia po wypadku motocyklowym. Dzi\u0119ki Vox Veritas otrzyma\u0142em wysokie \u015brodki pieni\u0119\u017cne, jak r\u00f3wnie\u017c rozpocz\u0105\u0142em zrobotyzowan\u0105 rehabilitacj\u0119, kt\u00f3r\u0105 dla mnie zorganizowano. Firma naprawd\u0119 godna polecenia![\/wr_vc_testimonial][wr_vc_testimonial testimonial_number=&#8221;03&#8243; clientname=&#8221;Ewelina B.&#8221; image=&#8221;746&#8243;]W Vox Veritas pracuj\u0105 osoby rzetelne, pomocne i zaanga\u017cowane w swoj\u0105 prac\u0119. Rok temu pomagali mi uzyska\u0107 pieni\u0105dze na rehabilitacje, gdy by\u0142am po po wypadku samochodowym. Polecam<br \/>\nwszystkim poszkodowanym![\/wr_vc_testimonial][wr_vc_testimonial testimonial_number=&#8221;04&#8243; clientname=&#8221;Jacek P.&#8221; button_url=&#8221;#&#8221; image=&#8221;750&#8243;]Kancelaria Vox Veritas pomog\u0142a mi w zakresie prawnym i medycznym po wypadku motocyklowym, jaki odnios\u0142em p\u00f3\u0142tora roku temu. Pomoc prawna polega\u0142a na sporz\u0105dzeniu profesjonalnych pism, negocjacjach z ubezpieczycielem i wywalczeniu wysokich \u015bwiadcze\u0144 pieni\u0119\u017cnych, tj. zado\u015b\u0107uczynienie, odszkodowanie oraz renta na rehabilitacj\u0119. W zakresie pomocy medycznej, pracownicy Vox Veritas zorganizowali mi nowoczesn\u0105 rehabilitacj\u0119 robotyczn\u0105 z wykorzystaniem egzoszkieletu, dzi\u0119ki kt\u00f3rej na nowo mog\u0142em zacz\u0105\u0107 chodzi\u0107 i z dnia na dzie\u0144 czyni\u0107 post\u0119py. Bardzo dzi\u0119kuj\u0119 i polecam.[\/wr_vc_testimonial][wr_vc_testimonial testimonial_number=&#8221;05&#8243; clientname=&#8221;Joanna S.&#8221; image=&#8221;747&#8243;]Polecam serdecznie kancelari\u0119 Vox Veritas. Wybra\u0142am j\u0105, poniewa\u017c zale\u017ca\u0142o mi zar\u00f3wno na pomocy prawnej (uzyskanie odszkodowania i zado\u015b\u0107uczynienia po wypadku, przygotowanie odpowiednich pism w tej kwestii), jak r\u00f3wnie\u017c pomocy medycznej w postaci zorganizowania profesjonalnej rehabilitacji dla mnie i mojego m\u0119\u017ca. W Vox Veritas da si\u0119 te sprawy za\u0142atwi\u0107 jednocze\u015bnie. Polecam.[\/wr_vc_testimonial][wr_vc_testimonial testimonial_number=&#8221;06&#8243; clientname=&#8221;Jaros\u0142aw. R&#8221; image=&#8221;752&#8243;]P\u00f3\u0142 roku temu zosta\u0142em potr\u0105cony na pasach. Mia\u0142em bardzo powa\u017cnie z\u0142aman\u0105 nog\u0119, kt\u00f3ra wymaga\u0142a kilku operacji. Do tego uraz kr\u0119gos\u0142upa, liczne st\u0142uczenia. W jeden dzie\u0144 moje \u017cycie zmieni\u0142o si\u0119 diametralnie. Uzna\u0142em, \u017ce nie mog\u0119 tej sprawy tak zostawi\u0107, zw\u0142aszcza, \u017ce \u015brodki finansowe by\u0142y mi niezb\u0119dne na kontynuacj\u0119 leczenia i rehabilitacj\u0119. Zg\u0142osi\u0142em si\u0119 do kancelarii Vox Veritas, poniewa\u017c s\u0142ysza\u0142em, \u017ce specjalizuj\u0105 si\u0119 w odszkodowaniach. Nie zawiod\u0142em si\u0119. Wywalczyli dla mnie wysokie zado\u015b\u0107uczynienie i odszkodowanie, jak r\u00f3wnie\u017c zorganizowali mi nowoczesn\u0105, zrobotyzowan\u0105 rehabilitacj\u0119 z wykorzystaniem egzoszkieletu. Dzi\u015b mog\u0119 powiedzie\u0107, \u017ce powoli odzyskuje sprawno\u015b\u0107 i swoje dawne \u017cycie. Dzi\u0119kuj\u0119![\/wr_vc_testimonial][\/wr_vc_testimonials][\/vc_column][\/vc_row][vc_row][vc_column][\/vc_column][\/vc_row]\n","protected":false},"excerpt":{"rendered":"<p>[vc_row scrollrow=&#8221;st2&#8243; scroll_id=&#8221;sec2&#8243; enable_top_box=&#8221;st2&#8243; enabletitle=&#8221;st2&#8243; nastik_sec_title=&#8221;O nas&#8221; enableseparator=&#8221;st2&#8243; secpadding=&#8221;&#8221; theside_sec_title=&#8221;About me&#8221; theside_sec_number=&#8221;01&#8243; theside_sec_dectiption=&#8221;LOREM IPSUM DOLOR SIT AMET, CONSECTETUR ADIPISCING ELIT. MAECENAS IN PULVINAR NEQUE. NULLA FINIBUS LOBORTIS PULVINAR.&#8221;][vc_column width=&#8221;5\/12&#8243;][\/vc_column][vc_column width=&#8221;7\/12&#8243;][wr_vc_textblock small_title=&#8221;Manager Rehabilitacji&#8221; big_title=&#8221;DORADZAMY PACJENTOM`{`br`}&#8220;{`span`}`SCIE\u017bK\u0118 POST\u0118POWANIA`{`\/span`}&#8220;{`br`}`PO WYJ\u015aCIU ZE SZPITALA&#8221;]Pomagamy osobom poszkodowanym w wypadkach komunikacyjnych oraz nag\u0142ych zdarzeniach losowych. \u015awiadczymy kompleksowe i innowacyjne us\u0142ugi prawno \u2013 medyczne&#8230;<\/p>\n","protected":false},"author":2,"featured_media":0,"parent":0,"menu_order":0,"comment_status":"closed","ping_status":"closed","template":"one-page.php","meta":[],"_links":{"self":[{"href":"https:\/\/managerrehabilitacji.pl\/index.php\/wp-json\/wp\/v2\/pages\/64"}],"collection":[{"href":"https:\/\/managerrehabilitacji.pl\/index.php\/wp-json\/wp\/v2\/pages"}],"about":[{"href":"https:\/\/managerrehabilitacji.pl\/index.php\/wp-json\/wp\/v2\/types\/page"}],"author":[{"embeddable":true,"href":"https:\/\/managerrehabilitacji.pl\/index.php\/wp-json\/wp\/v2\/users\/2"}],"replies":[{"embeddable":true,"href":"https:\/\/managerrehabilitacji.pl\/index.php\/wp-json\/wp\/v2\/comments?post=64"}],"version-history":[{"count":29,"href":"https:\/\/managerrehabilitacji.pl\/index.php\/wp-json\/wp\/v2\/pages\/64\/revisions"}],"predecessor-version":[{"id":755,"href":"https:\/\/managerrehabilitacji.pl\/index.php\/wp-json\/wp\/v2\/pages\/64\/revisions\/755"}],"wp:attachment":[{"href":"https:\/\/managerrehabilitacji.pl\/index.php\/wp-json\/wp\/v2\/media?parent=64"}],"curies":[{"name":"wp","href":"https:\/\/api.w.org\/{rel}","templated":true}]}}