{"id":424,"date":"2019-10-22T16:29:11","date_gmt":"2019-10-22T16:29:11","guid":{"rendered":"http:\/\/nastik.webredox.net\/vimeo-video-copy\/"},"modified":"2019-10-22T16:29:11","modified_gmt":"2019-10-22T16:29:11","slug":"revolution-slider","status":"publish","type":"page","link":"https:\/\/managerrehabilitacji.pl\/index.php\/revolution-slider\/","title":{"rendered":"Revolution Slider"},"content":{"rendered":"[vc_row scrollrow=&#8221;st2&#8243; scroll_id=&#8221;sec2&#8243; enable_top_box=&#8221;st2&#8243; enabletitle=&#8221;st2&#8243; nastik_sec_title=&#8221;About Me&#8221; nastik_sec_number=&#8221;01&#8243; nastik_sec_dectiption=&#8221;LOREM IPSUM DOLOR SIT AMET, CONSECTETUR ADIPISCING ELIT. MAECENAS IN PULVINAR NEQUE. NULLA FINIBUS LOBORTIS PULVINAR.&#8221; enableseparator=&#8221;st2&#8243; secpadding=&#8221;&#8221; theside_sec_title=&#8221;About me&#8221; theside_sec_number=&#8221;01&#8243; theside_sec_dectiption=&#8221;LOREM IPSUM DOLOR SIT AMET, CONSECTETUR ADIPISCING ELIT. MAECENAS IN PULVINAR NEQUE. NULLA FINIBUS LOBORTIS PULVINAR.&#8221;][vc_column width=&#8221;5\/12&#8243;]<div class=\"dec-img  fl-wrap\"><img src=\"https:\/\/managerrehabilitacji.pl\/wp-content\/uploads\/2019\/10\/about.jpg\" class=\"respimg\" alt=\"about\"><\/div>[\/vc_column][vc_column width=&#8221;7\/12&#8243;][wr_vc_textblock small_title=&#8221;Curabitur convallis fringilla diam&#8221; big_title=&#8221;Innovative solutions`{`br`}`to boost `{`span`}` your creative `{`\/span`}` projects&#8221; button_text=&#8221;My Portfolio&#8221; button_url=&#8221;http:\/\/nastik.webredox.net\/portfolio&#8221;]\n<p>Lorem ipsum dolor sit amet, consectetur adipiscing elit. Maecenas in pulvinar neque. Nulla finibus lobortis pulvinar. Donec a consectetur nulla. Nulla posuere sapien vitae lectus suscipit, et pulvinar nisi tincidunt. Aliquam erat volutpat. Curabitur convallis fringilla diam sed aliquam. Sed tempor iaculis massa faucibus feugiat. In fermentum facilisis massa, a consequat purus viverra.<\/p>\n<ul>\n<li>Leverage agile frameworks to provide a robust synopsis.<\/li>\n<li>Iterative approaches to corporate strategy foster.<\/li>\n<li>Bring to the table win-win survival strategies.<\/li>\n<li>Scalable gun control breakthroughs social movement.<\/li>\n<\/ul>\n[\/wr_vc_textblock][\/vc_column][\/vc_row][vc_row row_type=&#8221;sec2&#8243;][vc_column][wr_vc_counters class=&#8221;optional_counter&#8221;][wr_vc_counter datatitle=&#8221;Finished projects&#8221; datanumber=&#8221;145&#8243;][wr_vc_counter datatitle=&#8221;Happy customers&#8221; datanumber=&#8221;357&#8243;][wr_vc_counter datatitle=&#8221;Working hours&#8221; datanumber=&#8221;825&#8243;][wr_vc_counter datatitle=&#8221;Awards won&#8221; datanumber=&#8221;15&#8243;][\/wr_vc_counters][\/vc_column][\/vc_row][vc_row scrollrow=&#8221;st2&#8243; scroll_id=&#8221;sec3&#8243; enabletitle=&#8221;st2&#8243; nastik_sec_title=&#8221;Services&#8221; nastik_sec_number=&#8221;02&#8243; nastik_sec_dectiption=&#8221;Lorem ipsum dolor sit amet, consectetur adipiscing elit. Maecenas in pulvinar neque. Nulla finibus lobortis pulvinar.&#8221;][vc_column]<div class=\"cards-wrap fl-wrap\"><div class=\"row\"><div class=\"col-md-4\"><div class=\"content-inner fl-wrap\"><div class=\"content-front\"><div class=\"cf-inner\"><div class=\"bg \"  data-bg=\"https:\/\/managerrehabilitacji.pl\/wp-content\/uploads\/2022\/01\/manager-762x441.jpg\"><\/div><div class=\"overlay\"><\/div><div class=\"inner\"><h2>Pomoc fundacji dla pacjent\u00f3w<\/h2><ul><li>Kompleksowo Efektywnie<\/li><\/ul><\/div><\/div><\/div><div class=\"content-back\"><div class=\"cf-inner\"><div class=\"inner\"><div class=\"dec-icon\"><i class=\"fal fa-mobile-android\"><\/i><\/div><p>Pomagamy osobom poszkodowanym w wypadkach komunikacyjnych oraz tym, kt\u00f3re z innych przyczyn dozna\u0142y uszczerbku na zdrowiu, poprzez wspieranie i organizowanie leczenia, pomocy prawnej, psychologicznej i rzeczowej na rzecz Podopiecznych oraz ich rodzin.\r\n<div class=\"serv-price-wrap\"><span>Wi\u0119cej<\/span><a href=\"https:\/\/fundacjapodarujdobro.pl\" target=\"_blank\" rel=\"noopener\">fundacjapodarujdobro.pl<\/a><\/div><\/div><\/div><\/div><\/div><\/div><div class=\"col-md-4\"><div class=\"content-inner fl-wrap\"><div class=\"content-front\"><div class=\"cf-inner\"><div class=\"bg \"  data-bg=\"https:\/\/managerrehabilitacji.pl\/wp-content\/uploads\/2022\/01\/law-g76bc50661_1920-762x441.jpg\"><\/div><div class=\"overlay\"><\/div><div class=\"inner\"><h2>Pomoc prawna w finansowaniu rehabilitacji<\/h2><ul><li>Szybko Skutecznie<\/li><\/ul><\/div><\/div><\/div><div class=\"content-back\"><div class=\"cf-inner\"><div class=\"inner\"><div class=\"dec-icon\"><i class=\"fal fa-mobile-android\"><\/i><\/div><p>Specjalizujemy si\u0119 w pozyskiwaniu najwy\u017cszych na rynku kwot rent przeznaczonych na rehabilitacj\u0119 robotyczn\u0105. Powo\u0142ujemy konsylium lekarskie, kt\u00f3re w odpowiedni spos\u00f3b opiniuje urazy naszych\r\nposzkodowanych oraz sugeruje im spos\u00f3b leczenia, a nast\u0119pnie przedstawiamy Ubezpieczycielom plan rehabilitacji na najbli\u017csze miesi\u0105ce czy lata.\r\n<div class=\"serv-price-wrap\"><span>Wi\u0119cej<\/span><a href=\"https:\/\/voxveritas.pl\/oferta\/rehabilitacja-powypadkowa\/\" target=\"_blank\" rel=\"noopener\">voxveritas.pl<\/a><\/div><\/div><\/div><\/div><\/div><\/div><div class=\"col-md-4\"><div class=\"content-inner fl-wrap\"><div class=\"content-front\"><div class=\"cf-inner\"><div class=\"bg \"  data-bg=\"https:\/\/managerrehabilitacji.pl\/wp-content\/uploads\/2022\/01\/doctor-g48c1244ad_1920-762x441.jpg\"><\/div><div class=\"overlay\"><\/div><div class=\"inner\"><h2>Szkolenia asystent\u00f3w os\u00f3b niepe\u0142nosprawnych<\/h2><ul><li>Nowocze\u015bnie Kompleksowo<\/li><\/ul><\/div><\/div><\/div><div class=\"content-back\"><div class=\"cf-inner\"><div class=\"inner\"><div class=\"dec-icon\"><i class=\"fal fa-mobile-android\"><\/i><\/div><div class=\"serv-price-wrap\"><span>Wi\u0119cej<\/span><a href=\"https:\/\/rehome.com.pl\" target=\"_blank\" rel=\"noopener\">rehome.com.pl<\/a><\/div><\/div><\/div><\/div><\/div><\/div><\/div><\/div>[vc_row_inner][vc_column_inner]<div class=\"srv-link-text fl-wrap\"><h4>Ready to order your project ? Visit my contacts page:<\/h4><a href=\"http:\/\/nastik.webredox.net\/contact\" class=\"btn float-btn ajax  color-bg\" target=\"_self\">Contacts<\/a><\/div>[\/vc_column_inner][\/vc_row_inner][\/vc_column][\/vc_row][vc_row enabletitle=&#8221;st2&#8243; nastik_sec_title=&#8221;Working Process&#8221; nastik_sec_dectiption=&#8221;Lorem ipsum dolor sit amet, consectetur adipiscing elit. Maecenas in pulvinar neque. Nulla finibus lobortis pulvinar.&#8221;][vc_column width=&#8221;1\/3&#8243;]<div class=\"process-wrap fl-wrap\"><ul><li><div class=\"time-line-icon\">\n                  <i class=\"fab fa-slideshare\"><\/i>\n                  <\/div><h4>Discuss the project<\/h4><div class=\"process-details\">\n<h6>Duis autem vel eum iriure dolor<\/h6>\n<p>Exerci tation ullamcorper suscipit lobortis nisl ut aliquip ex ea commodo consequat. Duis autem vel eum iriure dolor.   <\/div><span class=\"process-numder\">01.<\/span><\/li><\/ul><\/div>[\/vc_column][vc_column width=&#8221;1\/3&#8243;]<div class=\"process-wrap fl-wrap\"><ul><li><div class=\"time-line-icon\">\n                  <i class=\"fal fa-laptop\"><\/i>\n                  <\/div><h4>Develop &amp; elaborate<\/h4><div class=\"process-details\">\n<h6>Duis autem vel eum iriure dolor<\/h6>\n<p>Exerci tation ullamcorper suscipit lobortis nisl ut aliquip ex ea commodo consequat. Duis autem vel eum iriure dolor.   <\/div><span class=\"process-numder\">02.<\/span><\/li><\/ul><\/div>[\/vc_column][vc_column width=&#8221;1\/3&#8243;]<div class=\"process-wrap fl-wrap\"><ul><li><div class=\"time-line-icon\">\n                  <i class=\"fal fa-flag-checkered\"><\/i>\n                  <\/div><h4>Final approvement<\/h4><div class=\"process-details\">\n<h6>Duis autem vel eum iriure dolor<\/h6>\n<p>Exerci tation ullamcorper suscipit lobortis nisl ut aliquip ex ea commodo consequat. Duis autem vel eum iriure dolor.   <\/div><span class=\"process-numder\">03.<\/span><\/li><\/ul><\/div>[\/vc_column][\/vc_row][vc_row scrollrow=&#8221;st2&#8243; scroll_id=&#8221;sec4&#8243; enable_bottom_box=&#8221;st3&#8243; enabletitle=&#8221;st2&#8243; nastik_sec_title=&#8221;My Skills&#8221; nastik_sec_number=&#8221;03&#8243; nastik_sec_dectiption=&#8221;Lorem ipsum dolor sit amet, consectetur adipiscing elit. Maecenas in pulvinar neque. Nulla finibus lobortis pulvinar.&#8221; enableseparator=&#8221;st2&#8243;][vc_column width=&#8221;5\/12&#8243;][wr_vc_piecharts sec_title=&#8221;LANGUAGE SKILLS&#8221;][wr_vc_piechart title=&#8221;French&#8221; data_percent=&#8221;85&#8243;][wr_vc_piechart title=&#8221;Dutch&#8221; data_percent=&#8221;90&#8243;][wr_vc_piechart title=&#8221;Portugese&#8221; data_percent=&#8221;80&#8243;][wr_vc_piechart title=&#8221;Russian&#8221; data_percent=&#8221;70&#8243;][\/wr_vc_piecharts][\/vc_column][vc_column width=&#8221;7\/12&#8243;][wr_vc_skillbars title=&#8221;DEVELOPER SKILLS&#8221;][wr_vc_skillbar title=&#8221;Photoshop&#8221; data_percent=&#8221;95&#8243;][wr_vc_skillbar title=&#8221;HTML\/Css&#8221; data_percent=&#8221;65&#8243;][wr_vc_skillbar title=&#8221;3D MAX&#8221; data_percent=&#8221;95&#8243;][wr_vc_skillbar title=&#8221;PHP&#8221; data_percent=&#8221;70&#8243;][wr_vc_skillbar title=&#8221;Javascript&#8221; data_percent=&#8221;60&#8243;][\/wr_vc_skillbars][\/vc_column][\/vc_row][vc_row row_type=&#8221;sec2&#8243; enable_corner_effect=&#8221;st2&#8243;][vc_column][vc_row_inner][vc_column_inner width=&#8221;1\/2&#8243;]<div class=\"video-box dec-img fl-wrap\"><img src=\"\" class=\"respimg\" alt=\"Header\"><a class=\"video-box-btn image-popup\" href=\"https:\/\/vimeo.com\/34741214\"><i class=\"fas fa-play\" aria-hidden=\"true\"><\/i><\/a><\/div>[\/vc_column_inner][vc_column_inner width=&#8221;1\/2&#8243;][vc_column_text]\n<div class=\"video-promo-text fl-wrap mar-top\">\n<h3>My Video Presentation<\/h3>\n<p>Lorem ipsum dolor sit amet, consectetur adipiscing elit. Maecenas in pulvinar neque. Nulla finibus lobortis pulvinar. Donec a consectetur nulla. Nulla posuere sapien vitae lectus suscipit, et pulvinar nisi tincidunt. Aliquam erat volutpat.<\/p>\n<p><a class=\"btn fl-btn color-bg\" href=\"#\">My Youtube Chanel<\/a><\/p>\n<\/div>\n[\/vc_column_text][\/vc_column_inner][\/vc_row_inner][\/vc_column][\/vc_row][vc_row scrollrow=&#8221;st2&#8243; scroll_id=&#8221;sec5&#8243; enabletitle=&#8221;st2&#8243; nastik_sec_title=&#8221;Resume&#8221; nastik_sec_number=&#8221;04&#8243; nastik_sec_dectiption=&#8221;Lorem ipsum dolor sit amet, consectetur adipiscing elit. Maecenas in pulvinar neque. Nulla finibus lobortis pulvinar.&#8221;][vc_column]<div class=\"custom-inner-holder\"><div class=\"custom-inner ns-custom-inner\"><div class=\"row\"><div class=\"col-md-4\"><div class=\"resum-header workres\"><i class=\"fas fa-ambulance\"><\/i><h3> DLA SZPITALI<\/h3><span>  odci\u0105\u017camy w zadaniach <\/span><\/div><\/div><div class=\"col-md-8\"><div class=\"resum-content fl-wrap\"><h4>POMAGAMY SZPITALOM<\/h4>\r\n<div class=\"dec-list fl-wrap\">\r\n<ul>\r\n \t<li> ODCI\u0104\u017bAMY SZPITAL - POMAGAMY RODZINIE UZYSKA\u0106 ZNACZNY STOPIE\u0143 NIEPE\u0141NOSPRAWNO\u015aCI<\/li>\r\n \t<li> DORADZAMY RODZINIE W WYBORZE O\u015aRODKA REHABILITACYJNEGO PO \"FAZIE OSTREJ\"<\/li>\r\n \t<li> POMAGAMY UZYSKA\u0106 ZNACZEK OSOBY NIEPE\u0141NOSPRAWNEJ<\/li>\r\n<\/ul>\r\n<\/div><\/div><\/div><\/div><\/div><div class=\"custom-inner ns-custom-inner\"><div class=\"row\"><div class=\"col-md-4\"><div class=\"resum-header workres\"><i class=\"fas fa-user-injured\"><\/i><h3> DLA PACJENTA<\/h3><span>  s\u0142u\u017cymy wiedz\u0105 i do\u015bwiadczeniem <\/span><\/div><\/div><div class=\"col-md-8\"><div class=\"resum-content fl-wrap\"><h4>POMAGAMY PACJENTOM<\/h4>\r\n<div class=\"dec-list fl-wrap\">\r\n<ul>\r\n \t<li>POMAGAMY RODZINIE UZYSKA\u0106 ZNACZNY STOPIE\u0143 NIEPE\u0141NOSPRAWNO\u015aCI<\/li>\r\n \t<li >POMAGAMY ZNALE\u0179\u0106 NAJLEPSZ\u0104 KLINIK\u0118 REHABIITACYJN\u0104 W POLSCE<\/li>\r\n \t<li>POMAGAMY SZUKA\u0106 W IMIENIU KLIENTA SZPITALU REHABIITACYJNEGO GDZIE PACJENT MO\u017bE ZOSTA\u0106 PRZYJ\u0118TY NATYCHMIAST ( NP. PO WYPADKU )<\/li>\r\n \t<li >BEZP\u0141ATNA REHABIITACJA \u2013 DLA OS\u00d3B ZE ZNACZNYM STOPNIEM REHABILITACYJNYM<\/li>\r\n \t<li >NIEZALE\u017bNE OPINIE MEDYCZNE LEKARZY : REHABILITACJI , NEUROLOGII I FIZJOTERAPII \u2013 KLUCZOWE PO WYPADKACH KOMUNIKACYJNYCH BY UZASADNI\u0106 MO\u017bLIWO\u015a\u0106 NOWOCZESNEJ BEZP\u0141ATNEJ REHABILITACJI<\/li>\r\n<\/ul>\r\n<\/div><\/div><\/div><\/div><\/div><div class=\"custom-inner ns-custom-inner\"><div class=\"row\"><div class=\"col-md-4\"><div class=\"resum-header workres\"><i class=\"fab fa-accessible-icon\"><\/i><h3> DLA KLINIK REHABILITACYJNYCH<\/h3><\/div><\/div><div class=\"col-md-8\"><div class=\"resum-content fl-wrap\"><h4>POMAGAMY KLINIKOM REHABILITACYJNYM<\/h4>\r\n<div class=\"dec-list fl-wrap\">\r\n<ul>\r\n \t<li>NIEZALE\u017bNE OPINIE MEDYCZNE LEKARZY : REHABILITACJI , NEUROLOGII I FIZJOTERAPII \u2013 KLUCZOWE PO WYPADKACH KOMUNIKACYJNYCH<\/li>\r\n \t<li>POMOC DLA PACJENT\u00d3W PO WYPADKACH W PRZEKIEROWANIU NA POBYT STA\u0141Y PACJENT\u00d3W NEUROLOGICZNYCH W NOWOCZESNEJ KLINICE NEUROREHABIITACJI I TERAPIA UZUPE\u0141NIAJ\u0104CA W KLINICE PIERWOTNEJ<\/li>\r\n \t<li>WSPARCIE MERYTORYCZNE<\/li>\r\n<\/ul>\r\n<\/div><\/div><\/div><\/div><\/div><div class=\"custom-inner ns-custom-inner\"><div class=\"row\"><div class=\"col-md-4\"><div class=\"resum-header workres\"><i class=\"fas fa-file-signature\"><\/i><h3> ORZECZNICTWO MEDYCZNE<\/h3><span>  profesjonalnie i sprawnie <\/span><\/div><\/div><div class=\"col-md-8\"><div class=\"resum-content fl-wrap\"><h4>ORZECZNICTWO MEDYCZNE<\/h4>\r\n<div class=\"dec-list fl-wrap\">\r\n<ul>\r\n \t<li>W SK\u0141AD ZESPO\u0141U LEKARZY WCHODZ\u0104: BIEGLI S\u0104DOWI SPECJALI\u015aCI W ZAKRESIE REHABILITACJI MEDYCZNEJ, ORTOPEDII, NEUROLOGII, INTERNI\u015aCI, SPECJALI\u015aCI FIZJOTERAPII, PSYCHOLOGII KLINICZNEJ, NEUROLOGOPEDZI, DIETETYCY.<\/li>\r\n \t<li>OPINIE POTWIERDZONE OBIEKTYWNYMI BADANIAMI PACJENTA Z WYKORZYSTANIEM STANDARDOWYCH TEST\u00d3W KLINICZNYCH ORAZ NAJNOWOCZE\u015aNIEJSZYCH ZOBIEKTYWIZOWANYCH NARZ\u0118DZI POZWALAJ\u0104 NA OKRE\u015aLENIE RZECZYWISTYCH POTRZEB PACJENTA, STWORZENIE OPTYMALNEGO PLANU REHABILITACJI Z WYKORZYSTANIEM NAJNOWOCZE\u015aNIEJSZYCH METOD USPRAWNIANIA.<\/li>\r\n<\/ul>\r\n<\/div><\/div><\/div><\/div><\/div><div class=\"col-md-8 col-md-offset-4\"><a href=\"#\" class=\"btn color-bg  fl-btn\" target=\"_self\">Download resume<\/a><\/div><\/div>[\/vc_column][\/vc_row][vc_row scrollrow=&#8221;st2&#8243; scroll_id=&#8221;sec6&#8243; enable_bottom_box=&#8221;st2&#8243; sec_padding_top=&#8221;sec6&#8243; enabletitle=&#8221;st2&#8243; nastik_sec_title=&#8221;Testimonials&#8221; nastik_sec_number=&#8221;05&#8243; nastik_sec_dectiption=&#8221;Lorem ipsum dolor sit amet, consectetur adipiscing elit. Maecenas in pulvinar neque. Nulla finibus lobortis pulvinar.&#8221; enableseparator=&#8221;st2&#8243;][vc_column][wr_vc_testimonials][wr_vc_testimonial testimonial_number=&#8221;01&#8243; clientname=&#8221;Centa Simpson&#8221; button_text=&#8221;Via Facebook&#8221; button_url=&#8221;#&#8221; image=&#8221;21&#8243;]Vestibulum orci felis, ullamcorper non condimentum non, ultrices ac nunc. Mauris non ligula suscipit, vulputate mi accumsan, dapibus felis. Nullam sed sapien dui. Nulla auctor sit amet sem non porta.[\/wr_vc_testimonial][wr_vc_testimonial testimonial_number=&#8221;02&#8243; clientname=&#8221;Centa Simpson&#8221; button_text=&#8221;Via Facebook&#8221; button_url=&#8221;#&#8221; image=&#8221;22&#8243;]Vestibulum orci felis, ullamcorper non condimentum non, ultrices ac nunc. Mauris non ligula suscipit, vulputate mi accumsan, dapibus felis. Nullam sed sapien dui. Nulla auctor sit amet sem non porta.[\/wr_vc_testimonial][wr_vc_testimonial testimonial_number=&#8221;03&#8243; clientname=&#8221;Centa Simpson&#8221; button_text=&#8221;Via Twitter&#8221; button_url=&#8221;#&#8221; image=&#8221;23&#8243;]Vestibulum orci felis, ullamcorper non condimentum non, ultrices ac nunc. Mauris non ligula suscipit, vulputate mi accumsan, dapibus felis. Nullam sed sapien dui. Nulla auctor sit amet sem non porta.[\/wr_vc_testimonial][wr_vc_testimonial testimonial_number=&#8221;04&#8243; clientname=&#8221;Centa Simpson&#8221; button_text=&#8221;Via Facebook&#8221; button_url=&#8221;#&#8221; image=&#8221;24&#8243;]Vestibulum orci felis, ullamcorper non condimentum non, ultrices ac nunc. Mauris non ligula suscipit, vulputate mi accumsan, dapibus felis. Nullam sed sapien dui. Nulla auctor sit amet sem non porta.[\/wr_vc_testimonial][\/wr_vc_testimonials][wr_vc_clients][wr_vc_client button_url=&#8221;#&#8221; image=&#8221;26&#8243;][wr_vc_client button_url=&#8221;#&#8221; image=&#8221;27&#8243;][wr_vc_client button_url=&#8221;#&#8221; image=&#8221;28&#8243;][wr_vc_client button_url=&#8221;#&#8221; image=&#8221;29&#8243;][wr_vc_client button_url=&#8221;#&#8221; image=&#8221;30&#8243;][\/wr_vc_clients][\/vc_column][\/vc_row]\n","protected":false},"excerpt":{"rendered":"<p>[vc_row scrollrow=&#8221;st2&#8243; scroll_id=&#8221;sec2&#8243; enable_top_box=&#8221;st2&#8243; enabletitle=&#8221;st2&#8243; nastik_sec_title=&#8221;About Me&#8221; nastik_sec_number=&#8221;01&#8243; nastik_sec_dectiption=&#8221;LOREM IPSUM DOLOR SIT AMET, CONSECTETUR ADIPISCING ELIT. MAECENAS IN PULVINAR NEQUE. NULLA FINIBUS LOBORTIS PULVINAR.&#8221; enableseparator=&#8221;st2&#8243; secpadding=&#8221;&#8221; theside_sec_title=&#8221;About me&#8221; theside_sec_number=&#8221;01&#8243; theside_sec_dectiption=&#8221;LOREM IPSUM DOLOR SIT AMET, CONSECTETUR ADIPISCING ELIT. MAECENAS IN PULVINAR NEQUE. NULLA FINIBUS LOBORTIS PULVINAR.&#8221;][vc_column width=&#8221;5\/12&#8243;][\/vc_column][vc_column width=&#8221;7\/12&#8243;][wr_vc_textblock small_title=&#8221;Curabitur convallis fringilla diam&#8221; big_title=&#8221;Innovative solutions`{`br`}`to boost `{`span`}`..<\/p>\n","protected":false},"author":2,"featured_media":0,"parent":0,"menu_order":0,"comment_status":"closed","ping_status":"closed","template":"one-page.php","meta":[],"_links":{"self":[{"href":"https:\/\/managerrehabilitacji.pl\/index.php\/wp-json\/wp\/v2\/pages\/424"}],"collection":[{"href":"https:\/\/managerrehabilitacji.pl\/index.php\/wp-json\/wp\/v2\/pages"}],"about":[{"href":"https:\/\/managerrehabilitacji.pl\/index.php\/wp-json\/wp\/v2\/types\/page"}],"author":[{"embeddable":true,"href":"https:\/\/managerrehabilitacji.pl\/index.php\/wp-json\/wp\/v2\/users\/2"}],"replies":[{"embeddable":true,"href":"https:\/\/managerrehabilitacji.pl\/index.php\/wp-json\/wp\/v2\/comments?post=424"}],"version-history":[{"count":0,"href":"https:\/\/managerrehabilitacji.pl\/index.php\/wp-json\/wp\/v2\/pages\/424\/revisions"}],"wp:attachment":[{"href":"https:\/\/managerrehabilitacji.pl\/index.php\/wp-json\/wp\/v2\/media?parent=424"}],"curies":[{"name":"wp","href":"https:\/\/api.w.org\/{rel}","templated":true}]}}