{"id":155,"date":"2019-12-18T11:50:03","date_gmt":"2019-12-18T10:50:03","guid":{"rendered":"http:\/\/managerrehabilitacji.codema.pl\/?page_id=155"},"modified":"2022-02-03T17:09:22","modified_gmt":"2022-02-03T16:09:22","slug":"zus-osrodki-pomocy-spolecznej-lsn","status":"publish","type":"page","link":"https:\/\/managerrehabilitacji.pl\/index.php\/zus-osrodki-pomocy-spolecznej-lsn\/","title":{"rendered":"ZUS\/O\u015brodki Pomocy Spo\u0142ecznej &#8211; Lekki Stopie\u0144 Niepe\u0142nosprawno\u015bci"},"content":{"rendered":"[vc_row][vc_column][wr_vc_textblock big_title=&#8221;Zasi\u0142ek piel\u0119gnacyjny (powy\u017cej 75. roku \u017cycia)&#8221;]<b>Czym jest zasi\u0142ek piel\u0119gnacyjny?<\/b><\/p>\n<p>\u015awiadczenia rodzinne, w tym zasi\u0142ki piel\u0119gnacyjne, przyznawane i wyp\u0142acane s\u0105 przez o\u015brodki pomocy spo\u0142ecznej (OSP), podleg\u0142e w\u00f3jtowi, burmistrzowi lub prezydentowi miasta w\u0142a\u015bciwego dla miejsca zamieszkania osoby zainteresowanej.<\/p>\n<p>Zgodnie z art. 16. Ustawy o \u015bwiadczeniach rodzinnych, zasi\u0142ek piel\u0119gnacyjny przyznaje si\u0119 w celu cz\u0119\u015bciowego pokrycia wydatk\u00f3w wynikaj\u0105cych z konieczno\u015bci zapewnienia osobie niepe\u0142nosprawnej opieki i pomocy innej osoby w zwi\u0105zku z niezdolno\u015bci\u0105 do samodzielnej egzystencji.<\/p>\n<p><b>Komu przys\u0142uguje zasi\u0142ek piel\u0119gnacyjny?<\/b><\/p>\n<p>Zasi\u0142ek piel\u0119gnacyjny przys\u0142uguje:<\/p>\n<ul>\n<li>niepe\u0142nosprawnemu dziecku;<\/li>\n<li>osobie niepe\u0142nosprawnej w wieku powy\u017cej 16. roku \u017cycia, posiadaj\u0105cej orzeczenie o znacznym stopniu niepe\u0142nosprawno\u015bci oraz osobie niepe\u0142nosprawnej w wieku powy\u017cej 16. roku \u017cycia, posiadaj\u0105cej orzeczenie o umiarkowanym stopniu niepe\u0142nosprawno\u015bci, je\u017celi niepe\u0142nosprawno\u015b\u0107 powsta\u0142a w wieku do uko\u0144czenia 21. roku \u017cycia;<\/li>\n<li>osobie powy\u017cej 75. roku \u017cycia.<\/li>\n<\/ul>\n<p><b>Ile wynosi zasi\u0142ek piel\u0119gnacyjny?<\/b><\/p>\n<p>Kwota zasi\u0142ku piel\u0119gnacyjnego podlega weryfikacji co 3 lata. Od 1 listopada 2018 do 31 pa\u017adziernika 2019 wynosi ona 184,42 z\u0142, a od 1 listopada 2019 wynosi\u0107 b\u0119dzie 215,84 z\u0142 miesi\u0119cznie.<\/p>\n<p><b>Komu nie przys\u0142uguje zasi\u0142ek piel\u0119gnacyjny?<\/b><\/p>\n<p>Zasi\u0142ek piel\u0119gnacyjny nie przys\u0142uguje osobie przebywaj\u0105cej w instytucji zapewniaj\u0105cej ca\u0142odobowe utrzymanie, je\u017celi pobyt osoby i udzielane przez t\u0119 instytucj\u0119 \u015bwiadczenia cz\u0119\u015bciowo lub w ca\u0142o\u015bci finansowane s\u0105 z bud\u017cetu pa\u0144stwa albo z Narodowego Funduszu Zdrowia, a tak\u017ce osobie uprawnionej do dodatku piel\u0119gnacyjnego.<\/p>\n<p><b>Jak i gdzie z\u0142o\u017cy\u0107 wniosek o zasi\u0142ek piel\u0119gnacyjny?<\/b><\/p>\n<p>Aby otrzyma\u0107 zasi\u0142ek piel\u0119gnacyjny, nale\u017cy z\u0142o\u017cy\u0107 w urz\u0119dzie gminy lub w urz\u0119dzie miasta nast\u0119puj\u0105ce dokumenty:<\/p>\n<ul>\n<li>wniosek o ustalenie prawa do zasi\u0142ku piel\u0119gnacyjnego;<\/li>\n<li>skr\u00f3cony odpis aktu urodzenia dziecka lub inny dokument urz\u0119dowy potwierdzaj\u0105cy wiek dziecka;<\/li>\n<li>orzeczenie o stopniu niepe\u0142nosprawno\u015bci (znacznym lub umiarkowanym), ze wskazaniem daty jej powstania.<\/li>\n<\/ul>\n<p>*Dokumenty te nie s\u0105 wymagane w przypadku ubiegania si\u0119 o zasi\u0142ek piel\u0119gnacyjny osoby, kt\u00f3ra uko\u0144czy\u0142a 75 lat.<\/p>\n<p>Wniosek o ustalenie prawa do zasi\u0142ku piel\u0119gnacyjnego wraz z dodatkowymi dokumentami sk\u0142ada si\u0119 w urz\u0119dzie gminy lub miasta, w\u0142a\u015bciwym dla miejsca zamieszkania (albo w o\u015brodku pomocy spo\u0142ecznej lub w innej jednostce organizacyjnej gminy, je\u017celi to w\u0142a\u015bnie im przekazana zosta\u0142a realizacja \u015bwiadcze\u0144 rodzinnych w danej gminie).<\/p>\n<p><b>Podstawy prawne<\/b><\/p>\n<ul>\n<li>Ustawa z dn. 28 listopada 2003 r. o \u015bwiadczeniach rodzinnych (Dz. U. z 2017 r. poz. 1952, z p\u00f3\u017an. zm.);<\/li>\n<li>Rozporz\u0105dzenie Rady Ministr\u00f3w z dnia 31 lipca 2018 r. w sprawie wysoko\u015bci dochodu rodziny albo dochodu osoby ucz\u0105cej si\u0119 stanowi\u0105cych podstaw\u0119 ubiegania si\u0119 o zasi\u0142ek rodzinny i specjalny zasi\u0142ek opieku\u0144czy, wysoko\u015bci \u015bwiadcze\u0144 rodzinnych oraz wysoko\u015bci zasi\u0142ku dla opiekuna (Dz. U. 2018 poz. 1497).<\/li>\n<\/ul>\n[\/wr_vc_textblock][\/vc_column][\/vc_row]\n","protected":false},"excerpt":{"rendered":"<p>[vc_row][vc_column][wr_vc_textblock big_title=&#8221;Zasi\u0142ek piel\u0119gnacyjny (powy\u017cej 75. roku \u017cycia)&#8221;]Czym jest zasi\u0142ek piel\u0119gnacyjny? \u015awiadczenia rodzinne, w tym zasi\u0142ki piel\u0119gnacyjne, przyznawane i wyp\u0142acane s\u0105 przez o\u015brodki pomocy spo\u0142ecznej (OSP), podleg\u0142e w\u00f3jtowi, burmistrzowi lub prezydentowi miasta w\u0142a\u015bciwego dla miejsca zamieszkania osoby zainteresowanej. Zgodnie z art. 16. Ustawy o \u015bwiadczeniach rodzinnych, zasi\u0142ek piel\u0119gnacyjny przyznaje si\u0119 w celu cz\u0119\u015bciowego pokrycia wydatk\u00f3w wynikaj\u0105cych..<\/p>\n","protected":false},"author":1,"featured_media":27,"parent":0,"menu_order":0,"comment_status":"closed","ping_status":"closed","template":"","meta":[],"_links":{"self":[{"href":"https:\/\/managerrehabilitacji.pl\/index.php\/wp-json\/wp\/v2\/pages\/155"}],"collection":[{"href":"https:\/\/managerrehabilitacji.pl\/index.php\/wp-json\/wp\/v2\/pages"}],"about":[{"href":"https:\/\/managerrehabilitacji.pl\/index.php\/wp-json\/wp\/v2\/types\/page"}],"author":[{"embeddable":true,"href":"https:\/\/managerrehabilitacji.pl\/index.php\/wp-json\/wp\/v2\/users\/1"}],"replies":[{"embeddable":true,"href":"https:\/\/managerrehabilitacji.pl\/index.php\/wp-json\/wp\/v2\/comments?post=155"}],"version-history":[{"count":8,"href":"https:\/\/managerrehabilitacji.pl\/index.php\/wp-json\/wp\/v2\/pages\/155\/revisions"}],"predecessor-version":[{"id":709,"href":"https:\/\/managerrehabilitacji.pl\/index.php\/wp-json\/wp\/v2\/pages\/155\/revisions\/709"}],"wp:featuredmedia":[{"embeddable":true,"href":"https:\/\/managerrehabilitacji.pl\/index.php\/wp-json\/wp\/v2\/media\/27"}],"wp:attachment":[{"href":"https:\/\/managerrehabilitacji.pl\/index.php\/wp-json\/wp\/v2\/media?parent=155"}],"curies":[{"name":"wp","href":"https:\/\/api.w.org\/{rel}","templated":true}]}}