{"id":144,"date":"2019-12-17T14:57:22","date_gmt":"2019-12-17T14:57:22","guid":{"rendered":"http:\/\/managerrehabilitacji.codema.pl\/?page_id=144"},"modified":"2022-02-03T13:09:58","modified_gmt":"2022-02-03T12:09:58","slug":"dzieci-do-16-go-roku-zycia-z-niepelnosprawnoscia","status":"publish","type":"page","link":"https:\/\/managerrehabilitacji.pl\/index.php\/dzieci-do-16-go-roku-zycia-z-niepelnosprawnoscia\/","title":{"rendered":"Dzieci do 16-go roku \u017cycia z niepe\u0142nosprawno\u015bci\u0105"},"content":{"rendered":"[vc_row][vc_column][wr_vc_textblock big_title=&#8221;Wybierz \u017ar\u00f3d\u0142a \u015bwiadcze\u0144&#8221;]Osoby, kt\u00f3re nie uko\u0144czy\u0142y 16 roku \u017cycia zaliczane s\u0105 do os\u00f3b niepe\u0142nosprawnych, je\u017celi maj\u0105 naruszon\u0105 sprawno\u015b\u0107 fizyczn\u0105 lub psychiczn\u0105 o przewidywanym okresie trwania powy\u017cej 12 miesi\u0119cy, z powodu wady wrodzonej, d\u0142ugotrwa\u0142ej choroby lub uszkodzenia organizmu, powoduj\u0105cych konieczno\u015b\u0107 zapewnienia im ca\u0142kowitej opieki lub pomocy w zaspokajaniu podstawowych potrzeb \u017cyciowych, w spos\u00f3b przewy\u017cszaj\u0105cy wsparcie potrzebne osobie w danym wieku.[\/wr_vc_textblock][\/vc_column][\/vc_row][vc_row][vc_column width=&#8221;1\/3&#8243; css=&#8221;.vc_custom_1643825983993{border-top-width: 1px !important;border-right-width: 1px !important;border-bottom-width: 1px !important;border-left-width: 1px !important;background-color: #f7f7f7 !important;border-left-color: #dddddd !important;border-left-style: solid !important;border-right-color: #dddddd !important;border-right-style: solid !important;border-top-color: #dddddd !important;border-top-style: solid !important;border-bottom-color: #dddddd !important;border-bottom-style: solid !important;border-radius: 5px !important;}&#8221;][vc_text_separator title=&#8221;ZUS\/\u015arodki Pomocy Spo\u0142ecznej&#8221;][vc_btn title=&#8221;Zobacz wi\u0119cej&#8221; color=&#8221;info&#8221; align=&#8221;center&#8221; button_block=&#8221;true&#8221; link=&#8221;url:https%3A%2F%2Fmanagerrehabilitacji.pl%2Findex.php%2Fzus-osrodki-pomocy-spolecznej-dla-dzieci%2F|title:ZUS%2FO%C5%9Brodki%20Pomocy%20Spo%C5%82ecznej%20%E2%80%93%20USN&#8221;][\/vc_column][vc_column width=&#8221;1\/3&#8243; css=&#8221;.vc_custom_1643826407054{border-top-width: 1px !important;border-right-width: 1px !important;border-bottom-width: 1px !important;border-left-width: 1px !important;background-color: #f7f7f7 !important;border-left-color: #cccccc !important;border-left-style: solid !important;border-right-color: #cccccc !important;border-right-style: solid !important;border-top-color: #cccccc !important;border-top-style: solid !important;border-bottom-color: #cccccc !important;border-bottom-style: solid !important;border-radius: 5px !important;}&#8221;][vc_text_separator title=&#8221;PFRON&#8221;][vc_btn title=&#8221;Zobacz wi\u0119cej&#8221; color=&#8221;info&#8221; align=&#8221;center&#8221; button_block=&#8221;true&#8221; link=&#8221;url:https%3A%2F%2Fmanagerrehabilitacji.pl%2Findex.php%2Fpfron-dla-dzieci%2F|title:ZUS%2FO%C5%9Brodki%20Pomocy%20Spo%C5%82ecznej%20%E2%80%93%20USN&#8221;][\/vc_column][vc_column width=&#8221;1\/3&#8243; css=&#8221;.vc_custom_1643826439879{border-top-width: 1px !important;border-right-width: 1px !important;border-bottom-width: 1px !important;border-left-width: 1px !important;background-color: #f7f7f7 !important;border-left-color: #cccccc !important;border-left-style: solid !important;border-right-color: #cccccc !important;border-right-style: solid !important;border-top-color: #cccccc !important;border-top-style: solid !important;border-bottom-color: #cccccc !important;border-bottom-style: solid !important;border-radius: 5px !important;}&#8221;][vc_text_separator title=&#8221;PFRON program &#8220;Aktywny Samorz\u0105d&#8220;&#8221;][vc_btn title=&#8221;Zobacz wi\u0119cej&#8221; color=&#8221;info&#8221; align=&#8221;center&#8221; button_block=&#8221;true&#8221; link=&#8221;url:https%3A%2F%2Fmanagerrehabilitacji.pl%2Findex.php%2Fpfron-program-aktywny-samorzad-dla-dzieci%2F|title:ZUS%2FO%C5%9Brodki%20Pomocy%20Spo%C5%82ecznej%20%E2%80%93%20USN&#8221;][\/vc_column][\/vc_row]\n","protected":false},"excerpt":{"rendered":"<p>[vc_row][vc_column][wr_vc_textblock big_title=&#8221;Wybierz \u017ar\u00f3d\u0142a \u015bwiadcze\u0144&#8221;]Osoby, kt\u00f3re nie uko\u0144czy\u0142y 16 roku \u017cycia zaliczane s\u0105 do os\u00f3b niepe\u0142nosprawnych, je\u017celi maj\u0105 naruszon\u0105 sprawno\u015b\u0107 fizyczn\u0105 lub psychiczn\u0105 o przewidywanym okresie trwania powy\u017cej 12 miesi\u0119cy, z powodu wady wrodzonej, d\u0142ugotrwa\u0142ej choroby lub uszkodzenia organizmu, powoduj\u0105cych konieczno\u015b\u0107 zapewnienia im ca\u0142kowitej opieki lub pomocy w zaspokajaniu podstawowych potrzeb \u017cyciowych, w spos\u00f3b przewy\u017cszaj\u0105cy wsparcie..<\/p>\n","protected":false},"author":1,"featured_media":27,"parent":0,"menu_order":0,"comment_status":"closed","ping_status":"closed","template":"","meta":[],"_links":{"self":[{"href":"https:\/\/managerrehabilitacji.pl\/index.php\/wp-json\/wp\/v2\/pages\/144"}],"collection":[{"href":"https:\/\/managerrehabilitacji.pl\/index.php\/wp-json\/wp\/v2\/pages"}],"about":[{"href":"https:\/\/managerrehabilitacji.pl\/index.php\/wp-json\/wp\/v2\/types\/page"}],"author":[{"embeddable":true,"href":"https:\/\/managerrehabilitacji.pl\/index.php\/wp-json\/wp\/v2\/users\/1"}],"replies":[{"embeddable":true,"href":"https:\/\/managerrehabilitacji.pl\/index.php\/wp-json\/wp\/v2\/comments?post=144"}],"version-history":[{"count":9,"href":"https:\/\/managerrehabilitacji.pl\/index.php\/wp-json\/wp\/v2\/pages\/144\/revisions"}],"predecessor-version":[{"id":680,"href":"https:\/\/managerrehabilitacji.pl\/index.php\/wp-json\/wp\/v2\/pages\/144\/revisions\/680"}],"wp:featuredmedia":[{"embeddable":true,"href":"https:\/\/managerrehabilitacji.pl\/index.php\/wp-json\/wp\/v2\/media\/27"}],"wp:attachment":[{"href":"https:\/\/managerrehabilitacji.pl\/index.php\/wp-json\/wp\/v2\/media?parent=144"}],"curies":[{"name":"wp","href":"https:\/\/api.w.org\/{rel}","templated":true}]}}