{"id":138,"date":"2019-12-17T14:56:30","date_gmt":"2019-12-17T14:56:30","guid":{"rendered":"http:\/\/managerrehabilitacji.codema.pl\/?page_id=138"},"modified":"2022-02-03T13:06:25","modified_gmt":"2022-02-03T12:06:25","slug":"lekki-stopien-niepelnosprawnosci","status":"publish","type":"page","link":"https:\/\/managerrehabilitacji.pl\/index.php\/lekki-stopien-niepelnosprawnosci\/","title":{"rendered":"Lekki stopie\u0144 niepe\u0142nosprawno\u015bci"},"content":{"rendered":"[vc_row][vc_column][wr_vc_textblock big_title=&#8221;Wybierz \u017ar\u00f3d\u0142a \u015bwiadcze\u0144&#8221;]Lekki stopie\u0144 niepe\u0142nosprawno\u015bci, kt\u00f3ry obejmuje osoby o naruszonej sprawno\u015bci organizmu, powoduj\u0105cej w spos\u00f3b istotny obni\u017cenie zdolno\u015bci do wykonywania pracy, w por\u00f3wnaniu do zdolno\u015bci jak\u0105 wykazuje osoba o podobnych kwalifikacjach zawodowych z pe\u0142n\u0105 sprawno\u015bci\u0105 psychiczn\u0105 i fizyczn\u0105, lub osoby maj\u0105ce ograniczenia w pe\u0142nieniu r\u00f3l spo\u0142ecznych, kt\u00f3re daj\u0105 si\u0119 kompensowa\u0107 przy pomocy wyposa\u017cenia w przedmioty ortopedyczne, \u015brodki pomocnicze lub \u015brodki techniczne.[\/wr_vc_textblock][\/vc_column][\/vc_row][vc_row][vc_column width=&#8221;1\/3&#8243; css=&#8221;.vc_custom_1643825983993{border-top-width: 1px !important;border-right-width: 1px !important;border-bottom-width: 1px !important;border-left-width: 1px !important;background-color: #f7f7f7 !important;border-left-color: #dddddd !important;border-left-style: solid !important;border-right-color: #dddddd !important;border-right-style: solid !important;border-top-color: #dddddd !important;border-top-style: solid !important;border-bottom-color: #dddddd !important;border-bottom-style: solid !important;border-radius: 5px !important;}&#8221;][vc_text_separator title=&#8221;ZUS\/\u015arodki Pomocy Spo\u0142ecznej&#8221;][vc_btn title=&#8221;Zobacz wi\u0119cej&#8221; color=&#8221;info&#8221; align=&#8221;center&#8221; button_block=&#8221;true&#8221; link=&#8221;url:https%3A%2F%2Fmanagerrehabilitacji.pl%2Findex.php%2Fzus-osrodki-pomocy-spolecznej-lsn%2F|title:ZUS%2FO%C5%9Brodki%20Pomocy%20Spo%C5%82ecznej%20%E2%80%93%20USN&#8221;][\/vc_column][vc_column width=&#8221;1\/3&#8243; css=&#8221;.vc_custom_1643826407054{border-top-width: 1px !important;border-right-width: 1px !important;border-bottom-width: 1px !important;border-left-width: 1px !important;background-color: #f7f7f7 !important;border-left-color: #cccccc !important;border-left-style: solid !important;border-right-color: #cccccc !important;border-right-style: solid !important;border-top-color: #cccccc !important;border-top-style: solid !important;border-bottom-color: #cccccc !important;border-bottom-style: solid !important;border-radius: 5px !important;}&#8221;][vc_text_separator title=&#8221;PFRON&#8221;][vc_btn title=&#8221;Zobacz wi\u0119cej&#8221; color=&#8221;info&#8221; align=&#8221;center&#8221; button_block=&#8221;true&#8221; link=&#8221;url:https%3A%2F%2Fmanagerrehabilitacji.pl%2Findex.php%2Fpfron-lsn%2F|title:ZUS%2FO%C5%9Brodki%20Pomocy%20Spo%C5%82ecznej%20%E2%80%93%20USN&#8221;][\/vc_column][vc_column width=&#8221;1\/3&#8243; css=&#8221;.vc_custom_1643826439879{border-top-width: 1px !important;border-right-width: 1px !important;border-bottom-width: 1px !important;border-left-width: 1px !important;background-color: #f7f7f7 !important;border-left-color: #cccccc !important;border-left-style: solid !important;border-right-color: #cccccc !important;border-right-style: solid !important;border-top-color: #cccccc !important;border-top-style: solid !important;border-bottom-color: #cccccc !important;border-bottom-style: solid !important;border-radius: 5px !important;}&#8221;][vc_text_separator title=&#8221;PFRON program &#8220;Aktywny Samorz\u0105d&#8220;&#8221;][vc_btn title=&#8221;Zobacz wi\u0119cej&#8221; color=&#8221;info&#8221; align=&#8221;center&#8221; button_block=&#8221;true&#8221; link=&#8221;url:https%3A%2F%2Fmanagerrehabilitacji.pl%2Findex.php%2Fpfron-program-aktywny-samorzad-lsn%2F|title:ZUS%2FO%C5%9Brodki%20Pomocy%20Spo%C5%82ecznej%20%E2%80%93%20USN&#8221;][\/vc_column][\/vc_row]\n","protected":false},"excerpt":{"rendered":"<p>[vc_row][vc_column][wr_vc_textblock big_title=&#8221;Wybierz \u017ar\u00f3d\u0142a \u015bwiadcze\u0144&#8221;]Lekki stopie\u0144 niepe\u0142nosprawno\u015bci, kt\u00f3ry obejmuje osoby o naruszonej sprawno\u015bci organizmu, powoduj\u0105cej w spos\u00f3b istotny obni\u017cenie zdolno\u015bci do wykonywania pracy, w por\u00f3wnaniu do zdolno\u015bci jak\u0105 wykazuje osoba o podobnych kwalifikacjach zawodowych z pe\u0142n\u0105 sprawno\u015bci\u0105 psychiczn\u0105 i fizyczn\u0105, lub osoby maj\u0105ce ograniczenia w pe\u0142nieniu r\u00f3l spo\u0142ecznych, kt\u00f3re daj\u0105 si\u0119 kompensowa\u0107 przy pomocy wyposa\u017cenia w..<\/p>\n","protected":false},"author":1,"featured_media":27,"parent":0,"menu_order":0,"comment_status":"closed","ping_status":"closed","template":"","meta":[],"_links":{"self":[{"href":"https:\/\/managerrehabilitacji.pl\/index.php\/wp-json\/wp\/v2\/pages\/138"}],"collection":[{"href":"https:\/\/managerrehabilitacji.pl\/index.php\/wp-json\/wp\/v2\/pages"}],"about":[{"href":"https:\/\/managerrehabilitacji.pl\/index.php\/wp-json\/wp\/v2\/types\/page"}],"author":[{"embeddable":true,"href":"https:\/\/managerrehabilitacji.pl\/index.php\/wp-json\/wp\/v2\/users\/1"}],"replies":[{"embeddable":true,"href":"https:\/\/managerrehabilitacji.pl\/index.php\/wp-json\/wp\/v2\/comments?post=138"}],"version-history":[{"count":11,"href":"https:\/\/managerrehabilitacji.pl\/index.php\/wp-json\/wp\/v2\/pages\/138\/revisions"}],"predecessor-version":[{"id":678,"href":"https:\/\/managerrehabilitacji.pl\/index.php\/wp-json\/wp\/v2\/pages\/138\/revisions\/678"}],"wp:featuredmedia":[{"embeddable":true,"href":"https:\/\/managerrehabilitacji.pl\/index.php\/wp-json\/wp\/v2\/media\/27"}],"wp:attachment":[{"href":"https:\/\/managerrehabilitacji.pl\/index.php\/wp-json\/wp\/v2\/media?parent=138"}],"curies":[{"name":"wp","href":"https:\/\/api.w.org\/{rel}","templated":true}]}}